{"id":1309,"date":"2024-04-26T17:18:08","date_gmt":"2024-04-26T17:18:08","guid":{"rendered":"https:\/\/itqore.themeht.com\/?page_id=1309"},"modified":"2025-09-29T17:53:49","modified_gmt":"2025-09-29T17:53:49","slug":"faq","status":"publish","type":"page","link":"https:\/\/insieme.cl\/?page_id=1309","title":{"rendered":"Educaci\u00f3n"},"content":{"rendered":"\t\t<div data-elementor-type=\"wp-page\" data-elementor-id=\"1309\" class=\"elementor elementor-1309\">\n\t\t\t\t<div class=\"elementor-element elementor-element-9a253f8 e-con-full e-flex e-con e-parent\" data-id=\"9a253f8\" data-element_type=\"container\">\n\t\t<div class=\"elementor-element elementor-element-4f991df e-con-full e-flex e-con e-child\" data-id=\"4f991df\" data-element_type=\"container\">\n\t\t\t\t<div class=\"elementor-element elementor-element-fdde3c8 elementor-widget elementor-widget-title\" data-id=\"fdde3c8\" data-element_type=\"widget\" data-widget_type=\"title.default\">\n\t\t\t\t<div class=\"elementor-widget-container\">\n\t\t\t\t\t\r\n        <div class=\"theme-title ht-split-text  center\">\r\n                          <h6 class=\"\">Programas flexibles y accesibles para j\u00f3venes y adultos<\/h6>\r\n\t\t\t \r\n          <h2 data-splitting> Educaci\u00f3n que abre caminos<\/h2>\r\n                  \r\n\r\n        <\/div>\r\n        \r\n\r\n\r\n        \t\t\t\t<\/div>\n\t\t\t\t<\/div>\n\t\t\t\t<\/div>\n\t\t\t\t<\/div>\n\t\t<div class=\"elementor-element elementor-element-1a8ddd0 e-flex e-con-boxed e-con e-parent\" data-id=\"1a8ddd0\" data-element_type=\"container\">\n\t\t\t\t\t<div class=\"e-con-inner\">\n\t\t\t\t<div class=\"elementor-element elementor-element-4179b6e elementor-widget elementor-widget-portfolio-sortable\" data-id=\"4179b6e\" data-element_type=\"widget\" data-widget_type=\"portfolio-sortable.default\">\n\t\t\t\t<div class=\"elementor-widget-container\">\n\t\t\t\t\t        \r\n        <div class=\"center\">\r\n           <div class=\"portfolio-filter\">\r\n          <button data-filter=\"\" class=\"is-checked\">All<\/button>\r\n                    <button data-filter=\".design\">Capacitaci\u00f3n Insieme<\/button>\r\n                    <button data-filter=\".fundacion_insieme\">Fundacion Insieme<\/button>\r\n                    <button data-filter=\".jardin_infantil\">Jardin Infantil<\/button>\r\n                    <button data-filter=\".liceo_insieme\">Liceo Insieme<\/button>\r\n                  <\/div>\r\n        <\/div>\r\n\r\n    <div class=\"grid  columns-3 row popup-gallery\">\r\n          <div class=\"grid-sizer\"><\/div>\r\n                          \r\n                \r\n                    \r\n          <div class=\"grid-item fundacion_insieme \">\r\n                    <div class=\"portfolio-item style-1\">\r\n            <div class=\"portfolio-image\">\r\n                <img fetchpriority=\"high\" decoding=\"async\" width=\"600\" height=\"600\" src=\"https:\/\/insieme.cl\/wp-content\/uploads\/2025\/03\/AdobeStock_178489468-600x600.jpeg\" class=\"attachment-itqore-600x600 size-itqore-600x600 wp-post-image\" alt=\"\" srcset=\"https:\/\/insieme.cl\/wp-content\/uploads\/2025\/03\/AdobeStock_178489468-600x600.jpeg 600w, https:\/\/insieme.cl\/wp-content\/uploads\/2025\/03\/AdobeStock_178489468-150x150.jpeg 150w, https:\/\/insieme.cl\/wp-content\/uploads\/2025\/03\/AdobeStock_178489468-700x700.jpeg 700w, https:\/\/insieme.cl\/wp-content\/uploads\/2025\/03\/AdobeStock_178489468-800x800.jpeg 800w, https:\/\/insieme.cl\/wp-content\/uploads\/2025\/03\/AdobeStock_178489468-300x300.jpeg 300w, https:\/\/insieme.cl\/wp-content\/uploads\/2025\/03\/AdobeStock_178489468-100x100.jpeg 100w\" sizes=\"(max-width: 600px) 100vw, 600px\" \/>            <\/div>\r\n              <div class=\"portfolio-desc\">\r\n                <div class=\"portfolio-cat\">\r\n                      <a href=\"https:\/\/insieme.cl\/?portfolio_category=fundacion_insieme\" rel=\"tag\">Fundacion Insieme<\/a>                      <\/div>\r\n                <div class=\"portfolio-title\">\r\n                <h4><a href=\"https:\/\/insieme.cl\/?portfolio=data-management-2-2\">Exposiciones de Arte #2<\/a><\/h4>\r\n                <\/div>\r\n              <\/div>\r\n              <a class=\"popup-img\" href=\"https:\/\/insieme.cl\/wp-content\/uploads\/2025\/03\/AdobeStock_178489468-scaled.jpeg\"> <i class=\"flaticon-view\"><\/i>\r\n              <\/a> \r\n            <\/div>\r\n            <\/div>\r\n            \r\n              \r\n                             \r\n                \r\n                    \r\n          <div class=\"grid-item fundacion_insieme \">\r\n                    <div class=\"portfolio-item style-1\">\r\n            <div class=\"portfolio-image\">\r\n                <img decoding=\"async\" width=\"600\" height=\"600\" src=\"https:\/\/insieme.cl\/wp-content\/uploads\/2026\/03\/musicos-600x600.jpg\" class=\"attachment-itqore-600x600 size-itqore-600x600 wp-post-image\" alt=\"\" srcset=\"https:\/\/insieme.cl\/wp-content\/uploads\/2026\/03\/musicos-600x600.jpg 600w, https:\/\/insieme.cl\/wp-content\/uploads\/2026\/03\/musicos-150x150.jpg 150w, https:\/\/insieme.cl\/wp-content\/uploads\/2026\/03\/musicos-700x700.jpg 700w, https:\/\/insieme.cl\/wp-content\/uploads\/2026\/03\/musicos-800x800.jpg 800w, https:\/\/insieme.cl\/wp-content\/uploads\/2026\/03\/musicos-300x300.jpg 300w, https:\/\/insieme.cl\/wp-content\/uploads\/2026\/03\/musicos-100x100.jpg 100w\" sizes=\"(max-width: 600px) 100vw, 600px\" \/>            <\/div>\r\n              <div class=\"portfolio-desc\">\r\n                <div class=\"portfolio-cat\">\r\n                      <a href=\"https:\/\/insieme.cl\/?portfolio_category=fundacion_insieme\" rel=\"tag\">Fundacion Insieme<\/a>                      <\/div>\r\n                <div class=\"portfolio-title\">\r\n                <h4><a href=\"https:\/\/insieme.cl\/?portfolio=data-management-3\">Exposici\u00f3n: \u201cAqu\u00ed nos ilumina un sol que no declina\u201d<\/a><\/h4>\r\n                <\/div>\r\n              <\/div>\r\n              <a class=\"popup-img\" href=\"https:\/\/insieme.cl\/wp-content\/uploads\/2026\/03\/musicos.jpg\"> <i class=\"flaticon-view\"><\/i>\r\n              <\/a> \r\n            <\/div>\r\n            <\/div>\r\n            \r\n              \r\n                             \r\n                \r\n                    \r\n          <div class=\"grid-item fundacion_insieme \">\r\n                    <div class=\"portfolio-item style-1\">\r\n            <div class=\"portfolio-image\">\r\n                <img fetchpriority=\"high\" decoding=\"async\" width=\"600\" height=\"600\" src=\"https:\/\/insieme.cl\/wp-content\/uploads\/2025\/03\/AdobeStock_178489468-600x600.jpeg\" class=\"attachment-itqore-600x600 size-itqore-600x600 wp-post-image\" alt=\"\" srcset=\"https:\/\/insieme.cl\/wp-content\/uploads\/2025\/03\/AdobeStock_178489468-600x600.jpeg 600w, https:\/\/insieme.cl\/wp-content\/uploads\/2025\/03\/AdobeStock_178489468-150x150.jpeg 150w, https:\/\/insieme.cl\/wp-content\/uploads\/2025\/03\/AdobeStock_178489468-700x700.jpeg 700w, https:\/\/insieme.cl\/wp-content\/uploads\/2025\/03\/AdobeStock_178489468-800x800.jpeg 800w, https:\/\/insieme.cl\/wp-content\/uploads\/2025\/03\/AdobeStock_178489468-300x300.jpeg 300w, https:\/\/insieme.cl\/wp-content\/uploads\/2025\/03\/AdobeStock_178489468-100x100.jpeg 100w\" sizes=\"(max-width: 600px) 100vw, 600px\" \/>            <\/div>\r\n              <div class=\"portfolio-desc\">\r\n                <div class=\"portfolio-cat\">\r\n                      <a href=\"https:\/\/insieme.cl\/?portfolio_category=fundacion_insieme\" rel=\"tag\">Fundacion Insieme<\/a>                      <\/div>\r\n                <div class=\"portfolio-title\">\r\n                <h4><a href=\"https:\/\/insieme.cl\/?portfolio=data-management-2\">Exposiciones de Arte<\/a><\/h4>\r\n                <\/div>\r\n              <\/div>\r\n              <a class=\"popup-img\" href=\"https:\/\/insieme.cl\/wp-content\/uploads\/2025\/03\/AdobeStock_178489468-scaled.jpeg\"> <i class=\"flaticon-view\"><\/i>\r\n              <\/a> \r\n            <\/div>\r\n            <\/div>\r\n            \r\n              \r\n                             \r\n                \r\n                    \r\n          <div class=\"grid-item fundacion_insieme \">\r\n                    <div class=\"portfolio-item style-1\">\r\n            <div class=\"portfolio-image\">\r\n                <img decoding=\"async\" width=\"600\" height=\"600\" src=\"https:\/\/insieme.cl\/wp-content\/uploads\/2026\/03\/foto1-600x600.png\" class=\"attachment-itqore-600x600 size-itqore-600x600 wp-post-image\" alt=\"\" srcset=\"https:\/\/insieme.cl\/wp-content\/uploads\/2026\/03\/foto1-600x600.png 600w, https:\/\/insieme.cl\/wp-content\/uploads\/2026\/03\/foto1-150x150.png 150w, https:\/\/insieme.cl\/wp-content\/uploads\/2026\/03\/foto1-700x700.png 700w, https:\/\/insieme.cl\/wp-content\/uploads\/2026\/03\/foto1-800x800.png 800w, https:\/\/insieme.cl\/wp-content\/uploads\/2026\/03\/foto1-300x300.png 300w, https:\/\/insieme.cl\/wp-content\/uploads\/2026\/03\/foto1-100x100.png 100w\" sizes=\"(max-width: 600px) 100vw, 600px\" \/>            <\/div>\r\n              <div class=\"portfolio-desc\">\r\n                <div class=\"portfolio-cat\">\r\n                      <a href=\"https:\/\/insieme.cl\/?portfolio_category=fundacion_insieme\" rel=\"tag\">Fundacion Insieme<\/a>                      <\/div>\r\n                <div class=\"portfolio-title\">\r\n                <h4><a href=\"https:\/\/insieme.cl\/?portfolio=exposicion-internacional-bloquear-los-suenos-es-imposible\">Exposici\u00f3n Internacional &#8211; Bloquear los Sue\u00f1os es Imposible<\/a><\/h4>\r\n                <\/div>\r\n              <\/div>\r\n              <a class=\"popup-img\" href=\"https:\/\/insieme.cl\/wp-content\/uploads\/2026\/03\/foto1.png\"> <i class=\"flaticon-view\"><\/i>\r\n              <\/a> \r\n            <\/div>\r\n            <\/div>\r\n            \r\n              \r\n                             \r\n                \r\n                    \r\n          <div class=\"grid-item fundacion_insieme \">\r\n                    <div class=\"portfolio-item style-1\">\r\n            <div class=\"portfolio-image\">\r\n                <img loading=\"lazy\" decoding=\"async\" width=\"600\" height=\"600\" src=\"https:\/\/insieme.cl\/wp-content\/uploads\/2025\/07\/slide-600x600.png\" class=\"attachment-itqore-600x600 size-itqore-600x600 wp-post-image\" alt=\"\" srcset=\"https:\/\/insieme.cl\/wp-content\/uploads\/2025\/07\/slide-600x600.png 600w, https:\/\/insieme.cl\/wp-content\/uploads\/2025\/07\/slide-150x150.png 150w, https:\/\/insieme.cl\/wp-content\/uploads\/2025\/07\/slide-700x700.png 700w, https:\/\/insieme.cl\/wp-content\/uploads\/2025\/07\/slide-800x800.png 800w, https:\/\/insieme.cl\/wp-content\/uploads\/2025\/07\/slide-300x300.png 300w, https:\/\/insieme.cl\/wp-content\/uploads\/2025\/07\/slide-100x100.png 100w\" sizes=\"(max-width: 600px) 100vw, 600px\" \/>            <\/div>\r\n              <div class=\"portfolio-desc\">\r\n                <div class=\"portfolio-cat\">\r\n                      <a href=\"https:\/\/insieme.cl\/?portfolio_category=fundacion_insieme\" rel=\"tag\">Fundacion Insieme<\/a>                      <\/div>\r\n                <div class=\"portfolio-title\">\r\n                <h4><a href=\"https:\/\/insieme.cl\/?portfolio=it-consultancy\">Fundaci\u00f3n Insieme<\/a><\/h4>\r\n                <\/div>\r\n              <\/div>\r\n              <a class=\"popup-img\" href=\"https:\/\/insieme.cl\/wp-content\/uploads\/2025\/07\/slide.png\"> <i class=\"flaticon-view\"><\/i>\r\n              <\/a> \r\n            <\/div>\r\n            <\/div>\r\n            \r\n              \r\n                             \r\n                \r\n                    \r\n          <div class=\"grid-item liceo_insieme \">\r\n                    <div class=\"portfolio-item style-1\">\r\n            <div class=\"portfolio-image\">\r\n                <img loading=\"lazy\" decoding=\"async\" width=\"600\" height=\"600\" src=\"https:\/\/insieme.cl\/wp-content\/uploads\/2025\/03\/slide1-600x600.png\" class=\"attachment-itqore-600x600 size-itqore-600x600 wp-post-image\" alt=\"\" srcset=\"https:\/\/insieme.cl\/wp-content\/uploads\/2025\/03\/slide1-600x600.png 600w, https:\/\/insieme.cl\/wp-content\/uploads\/2025\/03\/slide1-150x150.png 150w, https:\/\/insieme.cl\/wp-content\/uploads\/2025\/03\/slide1-700x700.png 700w, https:\/\/insieme.cl\/wp-content\/uploads\/2025\/03\/slide1-800x800.png 800w, https:\/\/insieme.cl\/wp-content\/uploads\/2025\/03\/slide1-300x300.png 300w, https:\/\/insieme.cl\/wp-content\/uploads\/2025\/03\/slide1-100x100.png 100w\" sizes=\"(max-width: 600px) 100vw, 600px\" \/>            <\/div>\r\n              <div class=\"portfolio-desc\">\r\n                <div class=\"portfolio-cat\">\r\n                      <a href=\"https:\/\/insieme.cl\/?portfolio_category=liceo_insieme\" rel=\"tag\">Liceo Insieme<\/a>                      <\/div>\r\n                <div class=\"portfolio-title\">\r\n                <h4><a href=\"https:\/\/insieme.cl\/?portfolio=financial-solution\">Liceo Insieme<\/a><\/h4>\r\n                <\/div>\r\n              <\/div>\r\n              <a class=\"popup-img\" href=\"https:\/\/insieme.cl\/wp-content\/uploads\/2025\/03\/slide1.png\"> <i class=\"flaticon-view\"><\/i>\r\n              <\/a> \r\n            <\/div>\r\n            <\/div>\r\n            \r\n              \r\n                         <\/div>\r\n        \t\t\t\t<\/div>\n\t\t\t\t<\/div>\n\t\t\t\t\t<\/div>\n\t\t\t\t<\/div>\n\t\t\t\t<section class=\"elementor-section elementor-top-section elementor-element elementor-element-213d56c elementor-section-boxed elementor-section-height-default elementor-section-height-default\" data-id=\"213d56c\" data-element_type=\"section\">\n\t\t\t\t\t\t<div class=\"elementor-container elementor-column-gap-default\">\n\t\t\t\t\t<div class=\"elementor-column elementor-col-100 elementor-top-column elementor-element elementor-element-c660a4e\" data-id=\"c660a4e\" data-element_type=\"column\">\n\t\t\t<div class=\"elementor-widget-wrap elementor-element-populated\">\n\t\t\t\t\t\t<div class=\"elementor-element elementor-element-da7ca6d elementor-widget elementor-widget-accordion\" data-id=\"da7ca6d\" data-element_type=\"widget\" data-widget_type=\"accordion.default\">\n\t\t\t\t\t\t\t<div class=\"elementor-accordion\">\n\t\t\t\t\t\t\t<div class=\"elementor-accordion-item\">\n\t\t\t\t\t<div id=\"elementor-tab-title-2291\" class=\"elementor-tab-title\" data-tab=\"1\" role=\"button\" aria-controls=\"elementor-tab-content-2291\" aria-expanded=\"false\">\n\t\t\t\t\t\t\t\t\t\t\t\t\t<span class=\"elementor-accordion-icon elementor-accordion-icon-right\" aria-hidden=\"true\">\n\t\t\t\t\t\t\t\t\t\t\t\t\t\t\t<span class=\"elementor-accordion-icon-closed\"><i class=\"flaticon flaticon-view\"><\/i><\/span>\n\t\t\t\t\t\t\t\t<span class=\"elementor-accordion-icon-opened\"><i class=\"flaticon flaticon-hide\"><\/i><\/span>\n\t\t\t\t\t\t\t\t\t\t\t\t\t\t<\/span>\n\t\t\t\t\t\t\t\t\t\t\t\t<a class=\"elementor-accordion-title\" tabindex=\"0\">1. \u00bfPor qu\u00e9 elegir la Fundaci\u00f3n Insieme para completar mis estudios?<\/a>\n\t\t\t\t\t<\/div>\n\t\t\t\t\t<div id=\"elementor-tab-content-2291\" class=\"elementor-tab-content elementor-clearfix\" data-tab=\"1\" role=\"region\" aria-labelledby=\"elementor-tab-title-2291\"><p data-start=\"220\" data-end=\"400\">Porque ofrecemos programas inclusivos, gratuitos y flexibles, pensados para j\u00f3venes y adultos que desean avanzar en su educaci\u00f3n sin importar la etapa de la vida en la que est\u00e9n.<\/p><\/div>\n\t\t\t\t<\/div>\n\t\t\t\t\t\t\t<div class=\"elementor-accordion-item\">\n\t\t\t\t\t<div id=\"elementor-tab-title-2292\" class=\"elementor-tab-title\" data-tab=\"2\" role=\"button\" aria-controls=\"elementor-tab-content-2292\" aria-expanded=\"false\">\n\t\t\t\t\t\t\t\t\t\t\t\t\t<span class=\"elementor-accordion-icon elementor-accordion-icon-right\" aria-hidden=\"true\">\n\t\t\t\t\t\t\t\t\t\t\t\t\t\t\t<span class=\"elementor-accordion-icon-closed\"><i class=\"flaticon flaticon-view\"><\/i><\/span>\n\t\t\t\t\t\t\t\t<span class=\"elementor-accordion-icon-opened\"><i class=\"flaticon flaticon-hide\"><\/i><\/span>\n\t\t\t\t\t\t\t\t\t\t\t\t\t\t<\/span>\n\t\t\t\t\t\t\t\t\t\t\t\t<a class=\"elementor-accordion-title\" tabindex=\"0\">2. \u00bfQu\u00e9 diferencia a la Fundaci\u00f3n Insieme de otras instituciones educativas?<\/a>\n\t\t\t\t\t<\/div>\n\t\t\t\t\t<div id=\"elementor-tab-content-2292\" class=\"elementor-tab-content elementor-clearfix\" data-tab=\"2\" role=\"region\" aria-labelledby=\"elementor-tab-title-2292\"><p>Nuestra propuesta combina formaci\u00f3n acad\u00e9mica, apoyo social y una fuerte identidad cultural que conecta a Chile con Italia, entregando no solo aprendizaje, sino tambi\u00e9n comunidad.<\/p><\/div>\n\t\t\t\t<\/div>\n\t\t\t\t\t\t\t<div class=\"elementor-accordion-item\">\n\t\t\t\t\t<div id=\"elementor-tab-title-2293\" class=\"elementor-tab-title\" data-tab=\"3\" role=\"button\" aria-controls=\"elementor-tab-content-2293\" aria-expanded=\"false\">\n\t\t\t\t\t\t\t\t\t\t\t\t\t<span class=\"elementor-accordion-icon elementor-accordion-icon-right\" aria-hidden=\"true\">\n\t\t\t\t\t\t\t\t\t\t\t\t\t\t\t<span class=\"elementor-accordion-icon-closed\"><i class=\"flaticon flaticon-view\"><\/i><\/span>\n\t\t\t\t\t\t\t\t<span class=\"elementor-accordion-icon-opened\"><i class=\"flaticon flaticon-hide\"><\/i><\/span>\n\t\t\t\t\t\t\t\t\t\t\t\t\t\t<\/span>\n\t\t\t\t\t\t\t\t\t\t\t\t<a class=\"elementor-accordion-title\" tabindex=\"0\">3. \u00bfPuedo compatibilizar el estudio con mi trabajo o responsabilidades familiares?<\/a>\n\t\t\t\t\t<\/div>\n\t\t\t\t\t<div id=\"elementor-tab-content-2293\" class=\"elementor-tab-content elementor-clearfix\" data-tab=\"3\" role=\"region\" aria-labelledby=\"elementor-tab-title-2293\"><p data-start=\"775\" data-end=\"891\">S\u00ed. Contamos con jornadas de ma\u00f1ana, tarde y vespertino, adaptadas a distintas realidades y necesidades de tiempo.<\/p><\/div>\n\t\t\t\t<\/div>\n\t\t\t\t\t\t\t<div class=\"elementor-accordion-item\">\n\t\t\t\t\t<div id=\"elementor-tab-title-2294\" class=\"elementor-tab-title\" data-tab=\"4\" role=\"button\" aria-controls=\"elementor-tab-content-2294\" aria-expanded=\"false\">\n\t\t\t\t\t\t\t\t\t\t\t\t\t<span class=\"elementor-accordion-icon elementor-accordion-icon-right\" aria-hidden=\"true\">\n\t\t\t\t\t\t\t\t\t\t\t\t\t\t\t<span class=\"elementor-accordion-icon-closed\"><i class=\"flaticon flaticon-view\"><\/i><\/span>\n\t\t\t\t\t\t\t\t<span class=\"elementor-accordion-icon-opened\"><i class=\"flaticon flaticon-hide\"><\/i><\/span>\n\t\t\t\t\t\t\t\t\t\t\t\t\t\t<\/span>\n\t\t\t\t\t\t\t\t\t\t\t\t<a class=\"elementor-accordion-title\" tabindex=\"0\">4. \u00bfLa Fundaci\u00f3n ofrece certificaciones reconocidas oficialmente?<\/a>\n\t\t\t\t\t<\/div>\n\t\t\t\t\t<div id=\"elementor-tab-content-2294\" class=\"elementor-tab-content elementor-clearfix\" data-tab=\"4\" role=\"region\" aria-labelledby=\"elementor-tab-title-2294\"><p data-start=\"974\" data-end=\"1146\">S\u00ed. Nuestros programas est\u00e1n vinculados al Ministerio de Educaci\u00f3n y ofrecemos cursos de idioma italiano que incluso sirven para acreditaci\u00f3n en procesos de nacionalidad.<\/p><\/div>\n\t\t\t\t<\/div>\n\t\t\t\t\t\t\t<div class=\"elementor-accordion-item\">\n\t\t\t\t\t<div id=\"elementor-tab-title-2295\" class=\"elementor-tab-title\" data-tab=\"5\" role=\"button\" aria-controls=\"elementor-tab-content-2295\" aria-expanded=\"false\">\n\t\t\t\t\t\t\t\t\t\t\t\t\t<span class=\"elementor-accordion-icon elementor-accordion-icon-right\" aria-hidden=\"true\">\n\t\t\t\t\t\t\t\t\t\t\t\t\t\t\t<span class=\"elementor-accordion-icon-closed\"><i class=\"flaticon flaticon-view\"><\/i><\/span>\n\t\t\t\t\t\t\t\t<span class=\"elementor-accordion-icon-opened\"><i class=\"flaticon flaticon-hide\"><\/i><\/span>\n\t\t\t\t\t\t\t\t\t\t\t\t\t\t<\/span>\n\t\t\t\t\t\t\t\t\t\t\t\t<a class=\"elementor-accordion-title\" tabindex=\"0\">5. \u00bfQu\u00e9 beneficios adicionales tienen los estudiantes?<\/a>\n\t\t\t\t\t<\/div>\n\t\t\t\t\t<div id=\"elementor-tab-content-2295\" class=\"elementor-tab-content elementor-clearfix\" data-tab=\"5\" role=\"region\" aria-labelledby=\"elementor-tab-title-2295\"><p data-start=\"1218\" data-end=\"1402\">Adem\u00e1s de acceder a educaci\u00f3n de calidad, nuestros alumnos pueden optar a beneficios como la TNE (Tarjeta Nacional Estudiantil) y participar en actividades culturales y comunitarias.<\/p><hr data-start=\"1404\" data-end=\"1407\" \/><h3 data-start=\"1409\" data-end=\"1470\">\u00a0<\/h3><\/div>\n\t\t\t\t<\/div>\n\t\t\t\t\t\t\t<div class=\"elementor-accordion-item\">\n\t\t\t\t\t<div id=\"elementor-tab-title-2296\" class=\"elementor-tab-title\" data-tab=\"6\" role=\"button\" aria-controls=\"elementor-tab-content-2296\" aria-expanded=\"false\">\n\t\t\t\t\t\t\t\t\t\t\t\t\t<span class=\"elementor-accordion-icon elementor-accordion-icon-right\" aria-hidden=\"true\">\n\t\t\t\t\t\t\t\t\t\t\t\t\t\t\t<span class=\"elementor-accordion-icon-closed\"><i class=\"flaticon flaticon-view\"><\/i><\/span>\n\t\t\t\t\t\t\t\t<span class=\"elementor-accordion-icon-opened\"><i class=\"flaticon flaticon-hide\"><\/i><\/span>\n\t\t\t\t\t\t\t\t\t\t\t\t\t\t<\/span>\n\t\t\t\t\t\t\t\t\t\t\t\t<a class=\"elementor-accordion-title\" tabindex=\"0\">6. \u00bfLa Fundaci\u00f3n se preocupa solo por lo acad\u00e9mico?<\/a>\n\t\t\t\t\t<\/div>\n\t\t\t\t\t<div id=\"elementor-tab-content-2296\" class=\"elementor-tab-content elementor-clearfix\" data-tab=\"6\" role=\"region\" aria-labelledby=\"elementor-tab-title-2296\"><p data-start=\"1471\" data-end=\"1635\">No. Tambi\u00e9n acompa\u00f1amos a nuestros estudiantes en lo social y personal, brindando orientaci\u00f3n, apoyo y espacios de integraci\u00f3n que fortalecen la vida comunitaria.<\/p><\/div>\n\t\t\t\t<\/div>\n\t\t\t\t\t\t\t\t<\/div>\n\t\t\t\t\t\t<\/div>\n\t\t\t\t\t<\/div>\n\t\t<\/div>\n\t\t\t\t\t<\/div>\n\t\t<\/section>\n\t\t\t\t<\/div>\n\t\t","protected":false},"excerpt":{"rendered":"<p>Programas flexibles y accesibles para j\u00f3venes y adultos Educaci\u00f3n que abre caminos All Business Design Development Idea Technology Development IT Consultancy Business Financial Solution Technology Software Service Design Social Media App Idea Growth Strategies Development Data Management 1. \u00bfPor qu\u00e9 elegir la Fundaci\u00f3n Insieme para completar mis estudios? Porque ofrecemos programas inclusivos, gratuitos y flexibles, [&hellip;]<\/p>\n","protected":false},"author":1,"featured_media":0,"parent":0,"menu_order":0,"comment_status":"closed","ping_status":"closed","template":"","meta":{"_acf_changed":false,"_monsterinsights_skip_tracking":false,"_monsterinsights_sitenote_active":false,"_monsterinsights_sitenote_note":"","_monsterinsights_sitenote_category":0,"footnotes":""},"class_list":["post-1309","page","type-page","status-publish","hentry"],"acf":[],"aioseo_notices":[],"_links":{"self":[{"href":"https:\/\/insieme.cl\/index.php?rest_route=\/wp\/v2\/pages\/1309","targetHints":{"allow":["GET"]}}],"collection":[{"href":"https:\/\/insieme.cl\/index.php?rest_route=\/wp\/v2\/pages"}],"about":[{"href":"https:\/\/insieme.cl\/index.php?rest_route=\/wp\/v2\/types\/page"}],"author":[{"embeddable":true,"href":"https:\/\/insieme.cl\/index.php?rest_route=\/wp\/v2\/users\/1"}],"replies":[{"embeddable":true,"href":"https:\/\/insieme.cl\/index.php?rest_route=%2Fwp%2Fv2%2Fcomments&post=1309"}],"version-history":[{"count":31,"href":"https:\/\/insieme.cl\/index.php?rest_route=\/wp\/v2\/pages\/1309\/revisions"}],"predecessor-version":[{"id":2837,"href":"https:\/\/insieme.cl\/index.php?rest_route=\/wp\/v2\/pages\/1309\/revisions\/2837"}],"wp:attachment":[{"href":"https:\/\/insieme.cl\/index.php?rest_route=%2Fwp%2Fv2%2Fmedia&parent=1309"}],"curies":[{"name":"wp","href":"https:\/\/api.w.org\/{rel}","templated":true}]}}